{"id":592,"date":"2021-07-19T00:13:10","date_gmt":"2021-07-18T22:13:10","guid":{"rendered":"https:\/\/muchasluchasparavivir.noblogs.org\/?page_id=592"},"modified":"2021-07-19T00:13:56","modified_gmt":"2021-07-18T22:13:56","slug":"qui-sommes","status":"publish","type":"page","link":"https:\/\/muchasluchasparavivir.noblogs.org\/fr\/qui-sommes\/","title":{"rendered":"Qui sommes-nous ?"},"content":{"rendered":"<p><strong>Commission du genre<\/strong><\/p>\n<p>La commission genre veut diffuser la r\u00e9bellion et la r\u00e9sistance zapatiste en partageant les exp\u00e9riences o\u00f9 nous apprenons de l\u00e0-bas et en montrant comment nous nous organisons et luttons ici aussi. A cette fin, il sera d\u00e9cid\u00e9 pour chaque activit\u00e9 si elle sera mixte ou non. Nous analysons cela \u00e0 deux niveaux : &#8211; Au niveau local, o\u00f9 chaque espace et chaque collectif d\u00e9cide de la mani\u00e8re de g\u00e9rer son inclusion &#8211; Commission europ\u00e9enne du genre : toutes les femmes, les personnes trans et non binaires sont les bienvenues, les hommes cisgenres comprennent que leur collaboration n&rsquo;est pas n\u00e9cessaire dans cet espace. Dans cet espace, nous essayons d&rsquo;agir en tant que porte-parole de collectifs, les individualit\u00e9s sont \u00e9galement les bienvenues, mais l&rsquo;invitation est que, si possible, elles s&rsquo;ajoutent \u00e0 des r\u00e9alit\u00e9s d\u00e9j\u00e0 existantes ou qu&rsquo;elles soient tiss\u00e9es dans des collectifs. Nous voulons accompagner la tourn\u00e9e zapatiste avec un regard f\u00e9ministe, d\u00e9colonial et intersectionnel, ouvert \u00e0 d&rsquo;autres expressions de la lutte des femmes, des personnes trans et non binaires qui s&rsquo;expriment contre tout type de discrimination. Les objectifs de la commission :<\/p>\n<ul>\n<li>\u00a0Donner des informations sur les \u00e9v\u00e9nements f\u00e9ministes, d&rsquo;ici \u00e0 la fin du mois de septembre, ou \u00e0 la fin de la tourn\u00e9e zapatiste pour la vie.<\/li>\n<li>Que chaque moment de la venue des zapatistes porte en lui le soin mutuel d&rsquo;\u00eatre un \u00e9v\u00e9nement anticolonial, f\u00e9ministe, antiraciste, anticapitaliste.<\/li>\n<li>Cr\u00e9er un protocole\/manifeste\/engagement pour cet (ces) \u00e9v\u00e9nement(s) \u00e0 organiser au niveau europ\u00e9en.<\/li>\n<\/ul>\n<p><strong>De nombreuses luttes \u00e0 vivre, un seul c\u0153ur \u00e0 d\u00e9fendre.<\/strong><\/p>\n<p>&nbsp;<\/p>\n","protected":false},"excerpt":{"rendered":"<p>Commission du genre La commission genre veut diffuser la r\u00e9bellion et la r\u00e9sistance zapatiste en partageant les exp\u00e9riences o\u00f9 nous apprenons de l\u00e0-bas et en montrant comment nous nous organisons et luttons ici aussi. A cette fin, il sera d\u00e9cid\u00e9 pour chaque activit\u00e9 si elle sera mixte ou non. Nous analysons cela \u00e0 deux niveaux [&hellip;]<\/p>\n","protected":false},"author":16759,"featured_media":0,"parent":0,"menu_order":0,"comment_status":"closed","ping_status":"closed","template":"","meta":{"_locale":"fr_FR","_original_post":"https:\/\/muchasluchasparavivir.noblogs.org\/?page_id=288","footnotes":""},"class_list":["post-592","page","type-page","status-publish","hentry","fr-FR"],"_links":{"self":[{"href":"https:\/\/muchasluchasparavivir.noblogs.org\/wp-json\/wp\/v2\/pages\/592","targetHints":{"allow":["GET"]}}],"collection":[{"href":"https:\/\/muchasluchasparavivir.noblogs.org\/wp-json\/wp\/v2\/pages"}],"about":[{"href":"https:\/\/muchasluchasparavivir.noblogs.org\/wp-json\/wp\/v2\/types\/page"}],"author":[{"embeddable":true,"href":"https:\/\/muchasluchasparavivir.noblogs.org\/wp-json\/wp\/v2\/users\/16759"}],"replies":[{"embeddable":true,"href":"https:\/\/muchasluchasparavivir.noblogs.org\/wp-json\/wp\/v2\/comments?post=592"}],"version-history":[{"count":1,"href":"https:\/\/muchasluchasparavivir.noblogs.org\/wp-json\/wp\/v2\/pages\/592\/revisions"}],"predecessor-version":[{"id":594,"href":"https:\/\/muchasluchasparavivir.noblogs.org\/wp-json\/wp\/v2\/pages\/592\/revisions\/594"}],"wp:attachment":[{"href":"https:\/\/muchasluchasparavivir.noblogs.org\/wp-json\/wp\/v2\/media?parent=592"}],"curies":[{"name":"wp","href":"https:\/\/api.w.org\/{rel}","templated":true}]}}