{"id":537,"date":"2021-07-18T23:24:11","date_gmt":"2021-07-18T21:24:11","guid":{"rendered":"https:\/\/muchasluchasparavivir.noblogs.org\/?page_id=537"},"modified":"2021-07-18T23:24:11","modified_gmt":"2021-07-18T21:24:11","slug":"manifeste-2","status":"publish","type":"page","link":"https:\/\/muchasluchasparavivir.noblogs.org\/fr\/manifeste-2\/","title":{"rendered":"Engagement manifeste&#8230;"},"content":{"rendered":"<p id=\"magicdomid390\" class=\"ace-line\" style=\"text-align: right\"><em><span class=\"author-a-wsg0z80zd7vz70zz77zz90zq2yz74zr\">\u00ab Les d\u00e9l\u00e9gations zapatistes seront form\u00e9es majoritairement par des femmes. <\/span><span class=\"author-a-wsg0z80zd7vz70zz77zz90zq2yz74zr\">Non seulement parce que de cette mani\u00e8re elles veulent rendre l\u2019embrassade qu\u2019elles ont re\u00e7u durant les rencontres internationales ant\u00e9rieures. Mais aussi, et surtout, pour que nous, les hommes zapatistes, faisions clairement savoir que nous sommes ce que nous sommes, et ne sommes pas ce que nous ne sommes pas, gr\u00e2ce \u00e0 elles, pour elles, et avec elles. \u00bb<\/span><\/em><\/p>\n<p id=\"magicdomid392\" class=\"ace-line\" style=\"text-align: right\"><span class=\"author-a-wsg0z80zd7vz70zz77zz90zq2yz74zr\">Extrait de la Sixi\u00e8me partie du communiqu\u00e9 du COMIT\u00c9 CLANDESTIN R\u00c9VOLUTIONNAIRE INDIG\u00c8NE &#8211; COMMANDEMENT G\u00c9N\u00c9RAL DE L&rsquo;ARM\u00c9E ZAPATISTE DE LIB\u00c9RATION NATIONALE. MEXIQUE. Octobre 2020.<\/span><\/p>\n<p>&nbsp;<\/p>\n<h5 id=\"magicdomid394\" class=\"ace-line\" style=\"text-align: center\"><span class=\"author-a-wsg0z80zd7vz70zz77zz90zq2yz74zr b\"><b>ENGAGEMENT-MANIFESTE POUR LE BIEN VIVRE, LE CHEMINEMENT ET L&rsquo;AUTOSOIN<\/b><\/span><\/h5>\n<p id=\"magicdomid396\" class=\"ace-line\"><span class=\"author-a-wsg0z80zd7vz70zz77zz90zq2yz74zr\">Ceci est un exercice collaboratif, ouvert, inclusif, et pour certain.es innovant et r\u00e9volutionnaire. <\/span><span class=\"author-a-wsg0z80zd7vz70zz77zz90zq2yz74zr i\"><i>Engagement<\/i><\/span><span class=\"author-a-wsg0z80zd7vz70zz77zz90zq2yz74zr\">\u00a0qui implique une responsabilit\u00e9 de la part de celui\/celle qui le prend, une promesse de tout faire pour l&rsquo;honorer et y ajouter d&rsquo;autres personnes, car, en tant que militant.e d&rsquo;en bas \u00e0 gauche, ielle assume plus que quiconque au niveau individuel et collectif, et face \u00e0 la soci\u00e9t\u00e9, dans tous les aspects de la pratique quotidienne.<\/span><\/p>\n<p id=\"magicdomid400\" class=\"ace-line\"><span class=\"author-a-wsg0z80zd7vz70zz77zz90zq2yz74zr i\"><i>Manifeste<\/i><\/span><span class=\"author-a-wsg0z80zd7vz70zz77zz90zq2yz74zr\">\u00a0parce que c&rsquo;est aussi une d\u00e9claration politique en faveur d&rsquo;une r\u00e9elle \u00e9quit\u00e9, de la r\u00e9bellion et de la r\u00e9sistance qui implique le fait de d\u00e9construire des modes de pens\u00e9es, des attitudes de domination et de discrimination qui d\u00e9truisent la vie sous toutes ses formes.<\/span><\/p>\n<h6 id=\"magicdomid402\" class=\"ace-line\"><span class=\"author-a-wsg0z80zd7vz70zz77zz90zq2yz74zr b\"><b>Introduction<\/b><\/span><\/h6>\n<p id=\"magicdomid403\" class=\"ace-line\"><span class=\"author-a-wsg0z80zd7vz70zz77zz90zq2yz74zr\">Ce\u00a0<\/span><span class=\"author-a-wsg0z80zd7vz70zz77zz90zq2yz74zr b i\"><b><i>Manifeste-engagement pour le bien vivre et l&rsquo;autosoin\u00a0<\/i><\/b><\/span><span class=\"author-a-wsg0z80zd7vz70zz77zz90zq2yz74zr\">se veut un guide d&rsquo;accompagnement de la tourn\u00e9e zapatiste pour la vie, avant, pendant et apr\u00e8s l&rsquo;arriv\u00e9e des d\u00e9l\u00e9gations zapatistes.<\/span><\/p>\n<p id=\"magicdomid404\" class=\"ace-line\"><span class=\"author-a-wsg0z80zd7vz70zz77zz90zq2yz74zr\">C&rsquo;est une d\u00e9claration contre toute forme de racisme, sexisme, classisme, colonialisme et toute sorte de domination. Nous voulons d\u00e9construire le patriarcat et que chacun.e prenne conscience de ses propres privil\u00e8ges.<\/span><\/p>\n<h6><strong>Bases et principes g\u00e9n\u00e9raux \u00e0 prendre en compte pour ce Engagement-Manifeste<\/strong><\/h6>\n<ul>\n<li id=\"magicdomid407\" class=\"ace-line\"><span class=\"author-a-wsg0z80zd7vz70zz77zz90zq2yz74zr\">Co-responsabilit\u00e9 active et ambiance de respect.<\/span><\/li>\n<li id=\"magicdomid408\" class=\"ace-line\"><span class=\"author-a-wsg0z80zd7vz70zz77zz90zq2yz74zr\">Organiser la col\u00e8re et l&rsquo;action \u00e0 partir de la tendresse et de l&rsquo;amour.<\/span><\/li>\n<li id=\"magicdomid409\" class=\"ace-line\"><span class=\"author-a-wsg0z80zd7vz70zz77zz90zq2yz74zr\">Faire en sorte que les inclusions identitaires soient effectives.<\/span><\/li>\n<li id=\"magicdomid410\" class=\"ace-line\"><span class=\"author-a-wsg0z80zd7vz70zz77zz90zq2yz74zr\">C&rsquo;est \u00e0 dire \u00eatre\/recevoir comme \u00e0 la maison.<\/span><\/li>\n<li id=\"magicdomid411\" class=\"ace-line\"><span class=\"author-a-wsg0z80zd7vz70zz77zz90zq2yz74zr\">Respecter les besoins, les expressions et les temps de chaque personne.<\/span><\/li>\n<li id=\"magicdomid412\" class=\"ace-line\"><span class=\"author-a-wsg0z80zd7vz70zz77zz90zq2yz74zr\">Cr\u00e9er des conditions raisonnables pour inclure et accueillir correctement les personnes porteuses de handicap.<\/span><\/li>\n<li id=\"magicdomid413\" class=\"ace-line\"><span class=\"author-a-wsg0z80zd7vz70zz77zz90zq2yz74zr\">Il n&rsquo;existe pas de petites violence et\/ou agression.<\/span><\/li>\n<li id=\"magicdomid414\" class=\"ace-line\"><span class=\"author-a-wsg0z80zd7vz70zz77zz90zq2yz74zr\">\u00catre \u00e0 l&rsquo;\u00e9coute des mots, mais aussi au-del\u00e0, des ressentis, mani\u00e8res de penser, de faire et des fa\u00e7ons de voir le\/les monde.s.<\/span><\/li>\n<\/ul>\n<h6><strong>Au sein des collectifs en bas \u00e0 gauche, pour le bien-\u00eatre de tout.es<\/strong><\/h6>\n<p id=\"magicdomid418\" class=\"ace-line\"><span class=\"author-a-wsg0z80zd7vz70zz77zz90zq2yz74zr\">\u00a0Lors des r\u00e9unions, assembl\u00e9es, rencontres et \u00e9v\u00e8nements europ\u00e9ens (et pourquoi pas locaux\/nationaux, etc.)<\/span><\/p>\n<ul>\n<li id=\"magicdomid419\" class=\"ace-line\"><span class=\"author-a-wsg0z80zd7vz70zz77zz90zq2yz74zr\">Avoir un.e mod\u00e9rateur\/trice.<\/span><\/li>\n<li id=\"magicdomid420\" class=\"ace-line\"><span class=\"author-a-wsg0z80zd7vz70zz77zz90zq2yz74zr\">Prise de parole : demander la parole et attendre son tour. Tours de paroles brefs et paritaires. \u00c9viter de donner la parole plus de deux fois \u00e0 la m\u00eame personne par respect pour la parole des autres. On n&rsquo;interrompt la parole de personne.<\/span><\/li>\n<li id=\"magicdomid421\" class=\"ace-line\"><span class=\"author-a-wsg0z80zd7vz70zz77zz90zq2yz74zr\">\u00c9coute active.<\/span><\/li>\n<li id=\"magicdomid422\" class=\"ace-line\"><span class=\"author-a-wsg0z80zd7vz70zz77zz90zq2yz74zr\">Les ressentis se valent.<\/span><\/li>\n<li id=\"magicdomid423\" class=\"ace-line\"><span class=\"author-a-wsg0z80zd7vz70zz77zz90zq2yz74zr\">Fixer une heure de d\u00e9but et de fin aux r\u00e9unions.<\/span><\/li>\n<li id=\"magicdomid424\" class=\"ace-line\"><span class=\"author-a-wsg0z80zd7vz70zz77zz90zq2yz74zr\">Faire attention au langage utilis\u00e9, qu&rsquo;il soit inclusif pour le f\u00e9minin, le non-binaire, le trans etc, sans \u00eatre pour autant trop rigides ni perdre sa spontan\u00e9it\u00e9.<\/span><\/li>\n<li id=\"magicdomid425\" class=\"ace-line\"><span class=\"author-a-wsg0z80zd7vz70zz77zz90zq2yz74zr\">D\u00e9cisions: qu&rsquo;elles soient effectives avant que finissent les r\u00e9unions. Et que ce processus aille du local \u00e0 l&rsquo;europ\u00e9en et de l&rsquo;europ\u00e9en au local.<\/span><\/li>\n<li id=\"magicdomid426\" class=\"ace-line\"><span class=\"author-a-wsg0z80zd7vz70zz77zz90zq2yz74zr\">Prendre en compte la fatigue et la dispersion comme mesures de d\u00e9roulement de la r\u00e9union.<\/span><\/li>\n<li id=\"magicdomid427\" class=\"ace-line\"><span class=\"author-a-wsg0z80zd7vz70zz77zz90zq2yz74zr\">Ne pas oublier que les compas qui arrivent sont majoritairement des femmes.<\/span><\/li>\n<li id=\"magicdomid428\" class=\"ace-line\"><span class=\"author-a-wsg0z80zd7vz70zz77zz90zq2yz74zr\">\u00catre attentif.ve aux questions de genre, mais aussi d\u00e9coloniales.<\/span><\/li>\n<li id=\"magicdomid429\" class=\"ace-line\"><span class=\"author-a-wsg0z80zd7vz70zz77zz90zq2yz74zr\">Respecter les diff\u00e9rences entre les collectifs europ\u00e9ens, c&rsquo;est ce qui fait notre force !<\/span><\/li>\n<\/ul>\n<p id=\"magicdomid431\" class=\"ace-line\"><span class=\"author-a-wsg0z80zd7vz70zz77zz90zq2yz74zr\">La participation, la prise de parole et de d\u00e9cision peuvent \u00eatre effectu\u00e9es \u00e0 titre personnel ou au nom d&rsquo;un collectif, en pr\u00e9cisant si cela se fait avec ou sans mandat.<\/span><\/p>\n<h6><strong>Pour le bien-\u00eatre des compas, \u00e0 l&rsquo;arriv\u00e9e de la caravane<\/strong><\/h6>\n<p id=\"magicdomid434\" class=\"ace-line\"><span class=\"author-a-wsg0z80zd7vz70zz77zz90zq2yz74zr\">La s\u00e9curit\u00e9 peut \u00eatre vue sous deux angles, une protection vis \u00e0 vis de \u00ab\u00a0l&rsquo;ext\u00e9rieur\u00a0\u00bb qui sont ceux d&rsquo;en haut, les corps r\u00e9pressifs qui repr\u00e9sentent le risque que nous savons, tr\u00e8s pr\u00e9sent, et l&rsquo;autre niveau qui concerne la s\u00e9curit\u00e9 \u00e0 l&rsquo;int\u00e9rieur de notre \u00ab\u00a0en bas \u00e0 gauche\u00a0\u00bb.<\/span><\/p>\n<h6 id=\"magicdomid436\" class=\"ace-line\"><span class=\"author-a-wsg0z80zd7vz70zz77zz90zq2yz74zr b\"><b>H\u00e9bergement<\/b><\/span><\/h6>\n<ul>\n<li id=\"magicdomid437\" class=\"ace-line\"><span class=\"author-a-wsg0z80zd7vz70zz77zz90zq2yz74zr\">Si possible, la d\u00e9l\u00e9gation sera h\u00e9berg\u00e9e dans un seul et m\u00eame lieu.<\/span><\/li>\n<li id=\"magicdomid438\" class=\"ace-line\"><span class=\"author-a-wsg0z80zd7vz70zz77zz90zq2yz74zr\">Essayer d&rsquo;offrir aux compas zapatistes femmes et autres un lieu o\u00f9 elles puissent se sentir \u00e0 l&rsquo;aise, c&rsquo;est \u00e0 dire dormir ensemble possible, et non s\u00e9par\u00e9es.<\/span><\/li>\n<li id=\"magicdomid439\" class=\"ace-line\"><span class=\"author-a-wsg0z80zd7vz70zz77zz90zq2yz74zr\">Les familles ne peuvent pas \u00eatre s\u00e9par\u00e9es.<\/span><\/li>\n<li id=\"magicdomid440\" class=\"ace-line\"><span class=\"author-a-wsg0z80zd7vz70zz77zz90zq2yz74zr\">L\u00e0 o\u00f9 dorment les compas, il doit toujours y avoir une femme r\u00e9f\u00e9rente qui parle le castillan. Prendre en compte qu&rsquo;ielles parlent leur langue indig\u00e8ne maternelle et le castillan. Cela signifie que le minimum pour qu&rsquo;ielles se sentent en s\u00e9curit\u00e9, c&rsquo;est qu&rsquo;il y ai toujours une personne qui parle le castillan en leur pr\u00e9sence.<\/span><\/li>\n<\/ul>\n<h6 id=\"magicdomid442\" class=\"ace-line\"><span class=\"author-a-wsg0z80zd7vz70zz77zz90zq2yz74zr b\"><b>Lors des activit\u00e9s<\/b><\/span><\/h6>\n<ul>\n<li id=\"magicdomid443\" class=\"ace-line\"><span class=\"author-a-wsg0z80zd7vz70zz77zz90zq2yz74zr\">Accueil et attention des compas. Prendre en compte leurs besoins particuliers.<\/span><\/li>\n<li id=\"magicdomid445\" class=\"ace-line\"><span class=\"author-a-wsg0z80zd7vz70zz77zz90zq2yz74zr\">Soins des enfants. Qu&rsquo;il y ait des espaces, des personnes et des endroits adapt\u00e9s pour le soin des enfants pour que tous.tes puissent participer.<\/span><\/li>\n<li id=\"magicdomid446\" class=\"ace-line\"><span class=\"author-a-wsg0z80zd7vz70zz77zz90zq2yz74zr\">Concernant la langue et la parole. Qu&rsquo;il y ait toujours quelqu&rsquo;un qui puisse traduire au castillan.<\/span><\/li>\n<li id=\"magicdomid447\" class=\"ace-line\"><span class=\"author-a-wsg0z80zd7vz70zz77zz90zq2yz74zr\">D\u00e9placement. S&rsquo;assurer que les d\u00e9placements soient s\u00fbrs et les dur\u00e9es ad\u00e9quates pour le bien-\u00eatre des compas, en planifiant des moments de repos et de d\u00e9tente.<\/span><\/li>\n<\/ul>\n<h6 id=\"magicdomid449\" class=\"ace-line\"><span class=\"author-a-wsg0z80zd7vz70zz77zz90zq2yz74zr b\"><b>Au sujet de l&rsquo;alcool et autres substances<\/b><\/span><\/h6>\n<p id=\"magicdomid450\" class=\"ace-line\"><span class=\"author-a-wsg0z80zd7vz70zz77zz90zq2yz74zr\">Dans les communaut\u00e9s zapatistes, on ne consomme ni alcool ni drogues. Cela peut constituer une diff\u00e9rence entre nos luttes ; sans modifier nos habitudes, nous devons nous adapter sur ce sujet et nous limiter ou mod\u00e9rer de fa\u00e7on raisonnable, ou encore convenir d&rsquo;une suppression totale de la vente et\/ou consommation d&rsquo;alcool et de drogues pendant nos activit\u00e9s. R\u00e9fl\u00e9chir au sujet de l&rsquo;alcool comme outil anti-patriarcal est propre \u00e0 chaque territoire et lutte, mais en g\u00e9n\u00e9ral l&rsquo;alcool g\u00e9n\u00e8re de la violence et r\u00e9ciproquement, son absence la limite fortement. La non-consommation d&rsquo;alcool et de drogues est un appel \u00e0 \u00eatre conscient.e et pr\u00e9sent.e. Bien s\u00fbr, ce n&rsquo;est pas suffisant pour baisser la garde.<\/span><\/p>\n<p id=\"magicdomid1299\" class=\"ace-line\"><span class=\"author-a-wsg0z80zd7vz70zz77zz90zq2yz74zr\">Ceci est un document en cours de d\u00e9veloppement. Il nous manque beaucoup de choses \u00e0 d\u00e9finir, concernant les soins et auto-soins, concernant la r\u00e9solution de conflits, comme par exemple, cr\u00e9er \u00e9ventuellement des commissions de m\u00e9diation. Comment faire lorsque la r\u00e9solution de conflits ne fonctionne pas ? De plus, on peut toujours am\u00e9liorer ce qui existe d\u00e9j\u00e0 !<\/span><\/p>\n<p id=\"magicdomid1300\" class=\"ace-line\"><span class=\"author-a-wsg0z80zd7vz70zz77zz90zq2yz74zr\">\u00a0 Si tu as des propositions ou des commentaires, \u00e9cris-nous \u00e0\u00a0<\/span><span class=\"author-a-wsg0z80zd7vz70zz77zz90zq2yz74zr b\"><b>comision-genero-eu@riseup.net<\/b><\/span><span class=\"author-a-wsg0z80zd7vz70zz77zz90zq2yz74zr\">\u00a0en pr\u00e9cisant comme objet \u00ab\u00a0compromiso manifiesto para el buen vivir\u00a0\u00bb (\u00ab\u00a0engagement-manifeste pour le bien vivre\u00a0\u00bb).<\/span><\/p>\n<h6><strong>Rappelons-nous les 7 principes zapatistes du Diriger en Ob\u00e9issant :<\/strong><\/h6>\n<p id=\"magicdomid470\" class=\"ace-line\" style=\"text-align: center\"><span class=\"author-a-wsg0z80zd7vz70zz77zz90zq2yz74zr\">servir et non se servir;<\/span><\/p>\n<p id=\"magicdomid471\" class=\"ace-line\" style=\"text-align: center\"><span class=\"author-a-wsg0z80zd7vz70zz77zz90zq2yz74zr\">repr\u00e9senter et non supplanter;\u00a0<\/span><\/p>\n<p id=\"magicdomid472\" class=\"ace-line\" style=\"text-align: center\"><span class=\"author-a-wsg0z80zd7vz70zz77zz90zq2yz74zr\">construire et non d\u00e9truire;<\/span><\/p>\n<p id=\"magicdomid473\" class=\"ace-line\" style=\"text-align: center\"><span class=\"author-a-wsg0z80zd7vz70zz77zz90zq2yz74zr\">ob\u00e9ir et non ordonner;<\/span><\/p>\n<p id=\"magicdomid474\" class=\"ace-line\" style=\"text-align: center\"><span class=\"author-a-wsg0z80zd7vz70zz77zz90zq2yz74zr\">proposer et non imposer;<\/span><\/p>\n<p id=\"magicdomid475\" class=\"ace-line\" style=\"text-align: center\"><span class=\"author-a-wsg0z80zd7vz70zz77zz90zq2yz74zr\">convaincre et non vaincre;<\/span><\/p>\n<p id=\"magicdomid476\" class=\"ace-line\" style=\"text-align: center\"><span class=\"author-a-wsg0z80zd7vz70zz77zz90zq2yz74zr\">descendre et non monter.<\/span><\/p>\n","protected":false},"excerpt":{"rendered":"<p>\u00ab Les d\u00e9l\u00e9gations zapatistes seront form\u00e9es majoritairement par des femmes. Non seulement parce que de cette mani\u00e8re elles veulent rendre l\u2019embrassade qu\u2019elles ont re\u00e7u durant les rencontres internationales ant\u00e9rieures. Mais aussi, et surtout, pour que nous, les hommes zapatistes, faisions clairement savoir que nous sommes ce que nous sommes, et ne sommes pas ce que [&hellip;]<\/p>\n","protected":false},"author":16759,"featured_media":0,"parent":0,"menu_order":0,"comment_status":"closed","ping_status":"closed","template":"","meta":{"_locale":"fr_FR","_original_post":"https:\/\/muchasluchasparavivir.noblogs.org\/?page_id=306","footnotes":""},"class_list":["post-537","page","type-page","status-publish","hentry","fr-FR"],"_links":{"self":[{"href":"https:\/\/muchasluchasparavivir.noblogs.org\/wp-json\/wp\/v2\/pages\/537","targetHints":{"allow":["GET"]}}],"collection":[{"href":"https:\/\/muchasluchasparavivir.noblogs.org\/wp-json\/wp\/v2\/pages"}],"about":[{"href":"https:\/\/muchasluchasparavivir.noblogs.org\/wp-json\/wp\/v2\/types\/page"}],"author":[{"embeddable":true,"href":"https:\/\/muchasluchasparavivir.noblogs.org\/wp-json\/wp\/v2\/users\/16759"}],"replies":[{"embeddable":true,"href":"https:\/\/muchasluchasparavivir.noblogs.org\/wp-json\/wp\/v2\/comments?post=537"}],"version-history":[{"count":1,"href":"https:\/\/muchasluchasparavivir.noblogs.org\/wp-json\/wp\/v2\/pages\/537\/revisions"}],"predecessor-version":[{"id":539,"href":"https:\/\/muchasluchasparavivir.noblogs.org\/wp-json\/wp\/v2\/pages\/537\/revisions\/539"}],"wp:attachment":[{"href":"https:\/\/muchasluchasparavivir.noblogs.org\/wp-json\/wp\/v2\/media?parent=537"}],"curies":[{"name":"wp","href":"https:\/\/api.w.org\/{rel}","templated":true}]}}