{"id":394,"date":"2021-07-12T15:41:28","date_gmt":"2021-07-12T13:41:28","guid":{"rendered":"https:\/\/muchasluchasparavivir.noblogs.org\/?page_id=394"},"modified":"2021-07-13T21:02:07","modified_gmt":"2021-07-13T19:02:07","slug":"quelques-conseils","status":"publish","type":"page","link":"https:\/\/muchasluchasparavivir.noblogs.org\/fr\/quelques-conseils\/","title":{"rendered":"L\u2019accueil et les soins"},"content":{"rendered":"<p><span class=\"author-a-wsg0z80zd7vz70zz77zz90zq2yz74zr b\"><b>L\u2019accueil et les soins<\/b><\/span><\/p>\n<p id=\"magicdomid115\" class=\"ace-line\"><span class=\"author-a-wsg0z80zd7vz70zz77zz90zq2yz74zr\">Notre intention est que la rencontre soit un espace sans alcool et sans drogues. Nous invitons \u00e0 r\u00e9fl\u00e9chir \u00e0 l\u2019importance de ne pas consommer ni drogues ni alcool \u00e0 cette occasion en m\u00e9moire de la lutte des femmes zapatistes. Une fois \u00e9largie, la Loi R\u00e9volutionnaire des Femmes de 1996 instaure la non-consommation de drogues et d\u2019alcool en territoires lib\u00e9r\u00e9s zapatistes, du fait de la violence qu\u2019elles et leurs enfants ont subie, \u00e0 cause des effets de cette forme de domination v\u00e9cue par les peuples indig\u00e8nes.\u00a0<\/span><\/p>\n<p id=\"magicdomid116\" class=\"ace-line\"><span class=\"author-a-wsg0z80zd7vz70zz77zz90zq2yz74zr b\"><b>Principes pour s\u2019engager dans les soins et l\u2019attention :<\/b><\/span><\/p>\n<ul>\n<li id=\"magicdomid117\" class=\"ace-line\"><span class=\"author-a-wsg0z80zd7vz70zz77zz90zq2yz74zr\">Co-responsabilit\u00e9 active et environnement de respect.<\/span><\/li>\n<li id=\"magicdomid118\" class=\"ace-line\"><span class=\"author-a-wsg0z80zd7vz70zz77zz90zq2yz74zr\">Organiser la col\u00e8re et l\u2019action \u00e0 partir de la tendresse et de l\u2019amour.<\/span><\/li>\n<li id=\"magicdomid119\" class=\"ace-line\"><span class=\"author-a-wsg0z80zd7vz70zz77zz90zq2yz74zr\">Veiller \u00e0 ce que les inclusions identitaires soient effectives.<\/span><\/li>\n<li id=\"magicdomid120\" class=\"ace-line\"><span class=\"author-a-wsg0z80zd7vz70zz77zz90zq2yz74zr\">Il s\u2019agit donc d\u2019\u00eatre\/et de recevoir comme chez soi.<\/span><\/li>\n<li id=\"magicdomid121\">Respecter les besoins, les expressions et les temps de chaque personne.<\/li>\n<\/ul>\n<p>Dans la rubrique \u00ab\u00a0indications utiles\u00a0\u00bb sont d\u00e9crites les informations sur l&rsquo;h\u00e9bergement, l&rsquo;alimentation, comment arriver sur le lieu de la rencontre, quoi apporter etc.<\/p>\n","protected":false},"excerpt":{"rendered":"<p>L\u2019accueil et les soins Notre intention est que la rencontre soit un espace sans alcool et sans drogues. Nous invitons \u00e0 r\u00e9fl\u00e9chir \u00e0 l\u2019importance de ne pas consommer ni drogues ni alcool \u00e0 cette occasion en m\u00e9moire de la lutte des femmes zapatistes. Une fois \u00e9largie, la Loi R\u00e9volutionnaire des Femmes de 1996 instaure la [&hellip;]<\/p>\n","protected":false},"author":16759,"featured_media":0,"parent":0,"menu_order":0,"comment_status":"closed","ping_status":"closed","template":"","meta":{"_locale":"fr_FR","_original_post":"https:\/\/muchasluchasparavivir.noblogs.org\/?page_id=171","footnotes":""},"class_list":["post-394","page","type-page","status-publish","hentry","fr-FR"],"_links":{"self":[{"href":"https:\/\/muchasluchasparavivir.noblogs.org\/wp-json\/wp\/v2\/pages\/394","targetHints":{"allow":["GET"]}}],"collection":[{"href":"https:\/\/muchasluchasparavivir.noblogs.org\/wp-json\/wp\/v2\/pages"}],"about":[{"href":"https:\/\/muchasluchasparavivir.noblogs.org\/wp-json\/wp\/v2\/types\/page"}],"author":[{"embeddable":true,"href":"https:\/\/muchasluchasparavivir.noblogs.org\/wp-json\/wp\/v2\/users\/16759"}],"replies":[{"embeddable":true,"href":"https:\/\/muchasluchasparavivir.noblogs.org\/wp-json\/wp\/v2\/comments?post=394"}],"version-history":[{"count":3,"href":"https:\/\/muchasluchasparavivir.noblogs.org\/wp-json\/wp\/v2\/pages\/394\/revisions"}],"predecessor-version":[{"id":488,"href":"https:\/\/muchasluchasparavivir.noblogs.org\/wp-json\/wp\/v2\/pages\/394\/revisions\/488"}],"wp:attachment":[{"href":"https:\/\/muchasluchasparavivir.noblogs.org\/wp-json\/wp\/v2\/media?parent=394"}],"curies":[{"name":"wp","href":"https:\/\/api.w.org\/{rel}","templated":true}]}}