{"id":341,"date":"2021-07-12T14:22:38","date_gmt":"2021-07-12T12:22:38","guid":{"rendered":"https:\/\/muchasluchasparavivir.noblogs.org\/?page_id=341"},"modified":"2021-07-15T15:55:36","modified_gmt":"2021-07-15T13:55:36","slug":"inicio","status":"publish","type":"page","link":"https:\/\/muchasluchasparavivir.noblogs.org\/","title":{"rendered":"Dates confirm\u00e9es"},"content":{"rendered":"<p><img loading=\"lazy\" decoding=\"async\" class=\"wp-image-205 \" src=\"https:\/\/muchasluchasparavivir.noblogs.org\/files\/2021\/06\/1.-Ixchel-mira-scaled.jpg\" alt=\"\" width=\"617\" height=\"134\" srcset=\"https:\/\/muchasluchasparavivir.noblogs.org\/files\/2021\/06\/1.-Ixchel-mira-scaled.jpg 2560w, https:\/\/muchasluchasparavivir.noblogs.org\/files\/2021\/06\/1.-Ixchel-mira-300x66.jpg 300w, https:\/\/muchasluchasparavivir.noblogs.org\/files\/2021\/06\/1.-Ixchel-mira-1024x224.jpg 1024w, https:\/\/muchasluchasparavivir.noblogs.org\/files\/2021\/06\/1.-Ixchel-mira-768x168.jpg 768w, https:\/\/muchasluchasparavivir.noblogs.org\/files\/2021\/06\/1.-Ixchel-mira-1536x336.jpg 1536w, https:\/\/muchasluchasparavivir.noblogs.org\/files\/2021\/06\/1.-Ixchel-mira-2048x447.jpg 2048w, https:\/\/muchasluchasparavivir.noblogs.org\/files\/2021\/06\/1.-Ixchel-mira-1200x262.jpg 1200w, https:\/\/muchasluchasparavivir.noblogs.org\/files\/2021\/06\/1.-Ixchel-mira-1980x433.jpg 1980w\" sizes=\"auto, (max-width: 617px) 100vw, 617px\" \/><\/p>\n<p><span class=\"VIiyi\" lang=\"fr\"><span class=\"JLqJ4b ChMk0b\" data-language-for-alternatives=\"fr\" data-language-to-translate-into=\"es\" data-phrase-index=\"0\">Dates confirm\u00e9es!!<\/span><\/span><\/p>\n<p><strong>RENCONTRE EUROPEENNE DE FEMMES, PERSONNES TRANS, INTER ET NON-BINAIRES<\/strong><\/p>\n<p><strong>28 ET 29 juillet 2021.<\/strong><\/p>\n<p><strong>ZAD de Notre Dame des Landes (Nantes-France)<\/strong><strong>\u00a0<\/strong><\/p>\n<p>Face \u00e0 l\u2019annonce de l\u2019arriv\u00e9e aux m\u00eames dates par voie a\u00e9rienne de la grande d\u00e9l\u00e9gation Zapatiste-CNI-FPDTMPT en France, nous vous informons que la date de la Rencontre europ\u00e9enne de femmes, personnes trans, inter et non-binaires a chang\u00e9.<\/p>\n<p><strong>Nous sommes d\u00e9sol\u00e9.e.s d\u2019annoncer ces nouvelles de changements de dates et esp\u00e9rons que cela ne cr\u00e9era pas de difficult\u00e9s insurmontables.<\/strong><\/p>\n<p><strong><span style=\"color: #ff00ff\">Merci de vous inscrire \u00e0 nouveau pour les nouvelles dates en \u00e9crivant \u00e0 cette adresse\u00a0:<\/span> <span style=\"color: #ffcc00\"><a style=\"color: #ffcc00\" href=\"mailto:inscription2021@riseup.net\">inscription2021@riseup.net<\/a><\/span> (en sp\u00e9cifiant les dates et le nombre de personnes \u00e0 inscrire).<\/strong><\/p>\n<p><strong><span class=\"author-a-wsg0z80zd7vz70zz77zz90zq2yz74zr\"><span style=\"color: #ffffff\"><span style=\"color: #ff00ff\">Si tu veux venir donner un coup de main<\/span> \u00e0 partir du 22 juillet pour le montage et la pr\u00e9paration des rencontres \u00e9cris-nous \u00e0<\/span> \u2014&gt;\u00a0<span style=\"color: #ffcc00\">benevolesintergalac<a class=\"bp-suggestions-mention\" style=\"color: #ffcc00\" href=\"https:\/\/noblogs.org\/members\/subeltz%40riseup.net\/\" rel=\"nofollow\">@riseup.net<\/a>\u00a0<\/span><\/span><\/strong><\/p>\n<p><strong><span style=\"color: #ff00ff\">Extension de l&rsquo;accueil des propositions<\/span> <span style=\"color: #ff00ff\">et activit\u00e9s<\/span> <span style=\"color: #ff00ff\">issues de perspectives queer\/cuir\/trans\/inter\/non-binaires.<\/span><\/strong><\/p>\n<p><strong>Afin de rendre visibles les perspectives et les exp\u00e9riences de la diversit\u00e9 des genres dans le programme de la rencontre, <span style=\"color: #ff00ff\">nous prolongeons la r\u00e9ception des propositions jusqu&rsquo;au 20 juillet<\/span> pour des activit\u00e9s de toutes sortes.<\/strong><\/p>\n<p><strong><span style=\"color: #ffcc00\"><a style=\"color: #ffcc00\" href=\"https:\/\/forms.komun.org\/encuentro-muchas-luchas-propuesta-actividad\">https:\/\/forms.komun.org\/encuentro-muchas-luchas-propuesta-actividad<\/a><\/span>\u00a0\u00e0 bient\u00f4t!<\/strong><\/p>\n<div id=\"magicdomid454\" class=\"ace-line\"><em><span class=\"author-a-wsg0z80zd7vz70zz77zz90zq2yz74zr b\"><b>Qui sommes nous ?<\/b><\/span><\/em><\/div>\n<p id=\"magicdomid456\" class=\"ace-line\"><span class=\"author-a-wsg0z80zd7vz70zz77zz90zq2yz74zr\">La commission genre veut propager la r\u00e9volte et la r\u00e9sistance Zapatiste en partageant des exp\u00e9riences o\u00f9 l&rsquo;on apprend de\u00a0<\/span><span class=\"author-a-wsg0z80zd7vz70zz77zz90zq2yz74zr i\"><i>l\u00e0-bas<\/i><\/span><span class=\"author-a-wsg0z80zd7vz70zz77zz90zq2yz74zr\">\u00a0et o\u00f9 nous montrons comment nous nous organisons et luttons ici. Pour cela, on d\u00e9cidera pour chaque activit\u00e9 propos\u00e9e si elle s&rsquo;effectuera en mixit\u00e9 ou en mixit\u00e9 choisie. Ceci sera analys\u00e9 \u00e0 deux niveaux:\u00a0<\/span><\/p>\n<ul>\n<li id=\"magicdomid457\" class=\"ace-line\"><span class=\"author-a-wsg0z80zd7vz70zz77zz90zq2yz74zr\">\u00a0<\/span><span class=\"author-a-wsg0z80zd7vz70zz77zz90zq2yz74zr b\"><b>Local<\/b><\/span><span class=\"author-a-wsg0z80zd7vz70zz77zz90zq2yz74zr\">, o\u00f9 chaque espace et collectif d\u00e9cide comment il aborde son inclusion.<\/span><\/li>\n<li id=\"magicdomid458\" class=\"ace-line\"><span class=\"author-a-wsg0z80zd7vz70zz77zz90zq2yz74zr b\"><b>Commission europ\u00e9enne du genre<\/b><\/span><span class=\"author-a-wsg0z80zd7vz70zz77zz90zq2yz74zr\">\u00a0: toute femme, lesbienne et trans est bienvenue ; les hommes cis-genre comprendront que leur collaboration n\u2019est pas n\u00e9cessaire dans cet espace. Dans cet espace, nous essayons d\u2019agir comme comme porte-paroles de collectifs ; les individualit\u00e9s sont aussi bienvenues, toutefois, elles sont invit\u00e9es si possible \u00e0 s&rsquo;incorporer \u00e0 une des r\u00e9alit\u00e9s existantes, ou \u00e0 se rassembler en collectivit\u00e9s. Nous voulons accompagner le voyage Zapatiste avec un regard f\u00e9ministe, d\u00e9colonial et intersectionnel, ouvert \u00e0 d\u2019autres expressions de luttes de femmes, personnes trans et non-binaires qui se prononcent contre tout type de discrimination.<\/span><\/li>\n<\/ul>\n<p id=\"magicdomid460\" class=\"ace-line\"><strong><span class=\"author-a-wsg0z80zd7vz70zz77zz90zq2yz74zr\">Les objectifs de la commission :<\/span><\/strong><\/p>\n<ul>\n<li id=\"magicdomid461\" class=\"ace-line\"><span class=\"author-a-wsg0z80zd7vz70zz77zz90zq2yz74zr\">Fournir des informations sur les \u00e9v\u00e8nements f\u00e9ministes, d\u2019ici \u00e0 fin septembre, ou jusqu\u2019\u00e0 ce que le voyage zapatiste pour la vie se termine.<\/span><\/li>\n<li id=\"magicdomid462\" class=\"ace-line\"><span class=\"author-a-wsg0z80zd7vz70zz77zz90zq2yz74zr\">Que chaque moment de la venue des zapatistes porte en soi ce respect mutuel, s\u2019agissant d\u2019un \u00e9v\u00e8nement anti-colonial, f\u00e9ministe, anti-raciste, anti-capitaliste ; cr\u00e9er un protocole\/manifeste\/engagement pour cela (cela m\u00eame).<\/span><\/li>\n<li class=\"ace-line\"><span class=\"author-a-wsg0z80zd7vz70zz77zz90zq2yz74zr\">Organiser des \u00e9v\u00e8nements au niveau europ\u00e9en.<\/span><\/li>\n<\/ul>\n<p style=\"padding-left: 40px\">&gt; <span class=\"author-a-wsg0z80zd7vz70zz77zz90zq2yz74zr b i\"><b><i>De nombreuses luttes pour la vie, un seul et m\u00eame c\u0153ur pour la lutte !<\/i><\/b><\/span><span class=\"author-a-wsg0z80zd7vz70zz77zz90zq2yz74zr\">\u00a0 Rencontre de femmes, personnes trans, inter et non-binaires. ZAD de Notre-Dames-des-Landes. 28\/29 juillet 2021.<\/span><\/p>\n<blockquote class=\"wp-embedded-content\" data-secret=\"e0O1O8eP8G\"><p><a href=\"https:\/\/viajezapatista.eu\/fr\/rencontre-europeenne-de-femmes-personnes-trans-inter-et-non-binaires\/\">[REPORT\u00c9-Nouvelles dates!] Rencontre europ\u00e9enne de femmes, personnes trans, inter et non-binaires<\/a><\/p><\/blockquote>\n<p><iframe loading=\"lazy\" class=\"wp-embedded-content\" sandbox=\"allow-scripts\" security=\"restricted\" style=\"position: absolute; clip: rect(1px, 1px, 1px, 1px);\" title=\"\u00ab\u00a0[REPORT\u00c9-Nouvelles dates!] Rencontre europ\u00e9enne de femmes, personnes trans, inter et non-binaires\u00a0\u00bb &#8212; VIAJE ZAPATISTA\" src=\"https:\/\/viajezapatista.eu\/fr\/rencontre-europeenne-de-femmes-personnes-trans-inter-et-non-binaires\/embed\/#?secret=pxecBWad41#?secret=e0O1O8eP8G\" data-secret=\"e0O1O8eP8G\" width=\"580\" height=\"327\" frameborder=\"0\" marginwidth=\"0\" marginheight=\"0\" scrolling=\"no\"><\/iframe><\/p>\n<p>&nbsp;<\/p>\n","protected":false},"excerpt":{"rendered":"<p>Dates confirm\u00e9es!! RENCONTRE EUROPEENNE DE FEMMES, PERSONNES TRANS, INTER ET NON-BINAIRES 28 ET 29 juillet 2021. ZAD de Notre Dame des Landes (Nantes-France)\u00a0 Face \u00e0 l\u2019annonce de l\u2019arriv\u00e9e aux m\u00eames dates par voie a\u00e9rienne de la grande d\u00e9l\u00e9gation Zapatiste-CNI-FPDTMPT en France, nous vous informons que la date de la Rencontre europ\u00e9enne de femmes, personnes trans, [&hellip;]<\/p>\n","protected":false},"author":16759,"featured_media":4,"parent":0,"menu_order":0,"comment_status":"closed","ping_status":"closed","template":"templates\/template-cover.php","meta":{"_locale":"fr_FR","_original_post":"https:\/\/muchasluchasparavivir.noblogs.org\/?page_id=113","footnotes":""},"class_list":["post-341","page","type-page","status-publish","has-post-thumbnail","hentry","fr-FR"],"_links":{"self":[{"href":"https:\/\/muchasluchasparavivir.noblogs.org\/wp-json\/wp\/v2\/pages\/341","targetHints":{"allow":["GET"]}}],"collection":[{"href":"https:\/\/muchasluchasparavivir.noblogs.org\/wp-json\/wp\/v2\/pages"}],"about":[{"href":"https:\/\/muchasluchasparavivir.noblogs.org\/wp-json\/wp\/v2\/types\/page"}],"author":[{"embeddable":true,"href":"https:\/\/muchasluchasparavivir.noblogs.org\/wp-json\/wp\/v2\/users\/16759"}],"replies":[{"embeddable":true,"href":"https:\/\/muchasluchasparavivir.noblogs.org\/wp-json\/wp\/v2\/comments?post=341"}],"version-history":[{"count":11,"href":"https:\/\/muchasluchasparavivir.noblogs.org\/wp-json\/wp\/v2\/pages\/341\/revisions"}],"predecessor-version":[{"id":515,"href":"https:\/\/muchasluchasparavivir.noblogs.org\/wp-json\/wp\/v2\/pages\/341\/revisions\/515"}],"wp:featuredmedia":[{"embeddable":true,"href":"https:\/\/muchasluchasparavivir.noblogs.org\/wp-json\/wp\/v2\/media\/4"}],"wp:attachment":[{"href":"https:\/\/muchasluchasparavivir.noblogs.org\/wp-json\/wp\/v2\/media?parent=341"}],"curies":[{"name":"wp","href":"https:\/\/api.w.org\/{rel}","templated":true}]}}