{"id":278,"date":"2021-07-13T22:37:29","date_gmt":"2021-07-13T20:37:29","guid":{"rendered":"https:\/\/muchasluchasparavivir.noblogs.org\/?page_id=278"},"modified":"2021-07-13T23:26:01","modified_gmt":"2021-07-13T21:26:01","slug":"inicio","status":"publish","type":"page","link":"https:\/\/muchasluchasparavivir.noblogs.org\/","title":{"rendered":"Fechas Confirmadas\u00a1\u00a1"},"content":{"rendered":"<p><img loading=\"lazy\" decoding=\"async\" class=\"wp-image-205 \" src=\"https:\/\/muchasluchasparavivir.noblogs.org\/files\/2021\/06\/1.-Ixchel-mira-scaled.jpg\" alt=\"\" width=\"617\" height=\"134\" srcset=\"https:\/\/muchasluchasparavivir.noblogs.org\/files\/2021\/06\/1.-Ixchel-mira-scaled.jpg 2560w, https:\/\/muchasluchasparavivir.noblogs.org\/files\/2021\/06\/1.-Ixchel-mira-300x66.jpg 300w, https:\/\/muchasluchasparavivir.noblogs.org\/files\/2021\/06\/1.-Ixchel-mira-1024x224.jpg 1024w, https:\/\/muchasluchasparavivir.noblogs.org\/files\/2021\/06\/1.-Ixchel-mira-768x168.jpg 768w, https:\/\/muchasluchasparavivir.noblogs.org\/files\/2021\/06\/1.-Ixchel-mira-1536x336.jpg 1536w, https:\/\/muchasluchasparavivir.noblogs.org\/files\/2021\/06\/1.-Ixchel-mira-2048x447.jpg 2048w, https:\/\/muchasluchasparavivir.noblogs.org\/files\/2021\/06\/1.-Ixchel-mira-1200x262.jpg 1200w, https:\/\/muchasluchasparavivir.noblogs.org\/files\/2021\/06\/1.-Ixchel-mira-1980x433.jpg 1980w\" sizes=\"auto, (max-width: 617px) 100vw, 617px\" \/><\/p>\n<h5 class=\"hestia-title\">Fechas Confirmadas\u00a1\u00a1<br \/>\nEncuentro europeo de mujeres, personas trans, inter, no binarias 28 y 29 de julio 2021<br \/>\nZAD de Notre Dame des Landes (Nantes-Francia)<\/h5>\n<p><span class=\"highlight\">Ante el arribo por v\u00eda a\u00e9rea en las mismas fechas de la gran Delegaci\u00f3n Zapatista- CNI-FPDTMPT a Francia, informamos que la fecha del Encuentro europeo de mujeres, personas trans, inter, no binarias ha cambiado, se confirma la fecha: 28 y 29 de julio.<br \/>\n<strong>Sentimos tener estas noticias de cambio de fecha y esperamos que no supongan una dificultad insalvable.<br \/>\nPronto nueva fecha e informaciones<\/strong><\/span><\/p>\n<p>&nbsp;<\/p>\n<p><strong><em>\u00bfQui\u00e9nes somos?<\/em><\/strong><\/p>\n<p>La comisi\u00f3n europea de g\u00e9nero quiere contagiar la rebeld\u00eda y resistencia Zapatista a trav\u00e9s de compartir experiencias donde aprendamos de\u00a0<em>all\u00e1\u00a0<\/em>y mostremos como nos organizamos y luchamos tambi\u00e9n\u00a0<em>ac\u00e1<\/em>. Para ello se decidir\u00e1 por cada actividad planteada si ser\u00e1n en mixidad o mixidad elegida. Esto lo analizamos a dos niveles:<\/p>\n<ul>\n<li>\u00a0 \u00a0 Local, donde cada espacio y colectiva decide c\u00f3mo trata su inclusi\u00f3n.<\/li>\n<li>\u00a0\u00a0\u00a0 <strong>Comisi\u00f3n europea de g\u00e9nero<\/strong>: toda mujer, lesbiana y trans es bienvenida, los hombres cis-g\u00e9nero entienden que no se necesita su colaboraci\u00f3n en este espacio. En este espacio intentamos actuar como portavoces de colectivas, al igual son bienvenidas individualidades, sin embargo el invito es que, si posible, se agreguen a realidades ya existentes o que se tejan en colectividades.\u00a0 Queremos acompa\u00f1ar la Gira Zapatista con una mirada feminista, decolonial e interseccional, abiertas a otras expresiones de lucha de mujeres, personas trans y no binarias que se pronuncian contra cualquier tipo de discriminaci\u00f3n.<\/li>\n<\/ul>\n<p><strong>Los objetivos de la comisi\u00f3n:<\/strong><\/p>\n<ul>\n<li>\u00a0 \u00a0 Dar informaci\u00f3n sobre los eventos feministas, de aqu\u00ed a finales de septiembre, o cuando la gira zapatista por la vida termine.<\/li>\n<li>\u00a0 \u00a0 Que cada momento de la venida de les zapatistas lleve consigo ese cuidado mutuo al ser un evento feminista, anticolonial, antiracista, anticapitalista; crear un protocolo\/manifiesto\/compromiso para ello. (este mismo)<\/li>\n<li>\u00a0 \u00a0 Organizar evento(s) a nivel europeo.<\/li>\n<\/ul>\n<blockquote class=\"wp-embedded-content\" data-secret=\"umudPhz9yP\"><p><a href=\"https:\/\/viajezapatista.eu\/es\/convocatoria-para-propuestas-para-la-agenda-politico-cultural-del-encuentro-de-mujeres-personas-trans-inter-y-no-binarias\/\">[CAMBIO DE FECHA] Encuentro europeo de mujeres, personas trans, inter, no binarias.<\/a><\/p><\/blockquote>\n<p><iframe loading=\"lazy\" class=\"wp-embedded-content\" sandbox=\"allow-scripts\" security=\"restricted\" style=\"position: absolute; clip: rect(1px, 1px, 1px, 1px);\" title=\"\u00ab[CAMBIO DE FECHA] Encuentro europeo de mujeres, personas trans, inter, no binarias.\u00bb \u2014 VIAJE ZAPATISTA\" src=\"https:\/\/viajezapatista.eu\/es\/convocatoria-para-propuestas-para-la-agenda-politico-cultural-del-encuentro-de-mujeres-personas-trans-inter-y-no-binarias\/embed\/#?secret=EOeCqnTAr4#?secret=umudPhz9yP\" data-secret=\"umudPhz9yP\" width=\"580\" height=\"327\" frameborder=\"0\" marginwidth=\"0\" marginheight=\"0\" scrolling=\"no\"><\/iframe><\/p>\n","protected":false},"excerpt":{"rendered":"<p>Fechas Confirmadas\u00a1\u00a1 Encuentro europeo de mujeres, personas trans, inter, no binarias 28 y 29 de julio 2021 ZAD de Notre Dame des Landes (Nantes-Francia) Ante el arribo por v\u00eda a\u00e9rea en las mismas fechas de la gran Delegaci\u00f3n Zapatista- CNI-FPDTMPT a Francia, informamos que la fecha del Encuentro europeo de mujeres, personas trans, inter, no [&hellip;]<\/p>\n","protected":false},"author":16759,"featured_media":496,"parent":0,"menu_order":0,"comment_status":"closed","ping_status":"closed","template":"templates\/template-cover.php","meta":{"_locale":"de_DE","_original_post":"https:\/\/muchasluchasparavivir.noblogs.org\/?page_id=113","footnotes":""},"class_list":["post-278","page","type-page","status-publish","has-post-thumbnail","hentry","de-DE"],"_links":{"self":[{"href":"https:\/\/muchasluchasparavivir.noblogs.org\/wp-json\/wp\/v2\/pages\/278","targetHints":{"allow":["GET"]}}],"collection":[{"href":"https:\/\/muchasluchasparavivir.noblogs.org\/wp-json\/wp\/v2\/pages"}],"about":[{"href":"https:\/\/muchasluchasparavivir.noblogs.org\/wp-json\/wp\/v2\/types\/page"}],"author":[{"embeddable":true,"href":"https:\/\/muchasluchasparavivir.noblogs.org\/wp-json\/wp\/v2\/users\/16759"}],"replies":[{"embeddable":true,"href":"https:\/\/muchasluchasparavivir.noblogs.org\/wp-json\/wp\/v2\/comments?post=278"}],"version-history":[{"count":2,"href":"https:\/\/muchasluchasparavivir.noblogs.org\/wp-json\/wp\/v2\/pages\/278\/revisions"}],"predecessor-version":[{"id":499,"href":"https:\/\/muchasluchasparavivir.noblogs.org\/wp-json\/wp\/v2\/pages\/278\/revisions\/499"}],"wp:featuredmedia":[{"embeddable":true,"href":"https:\/\/muchasluchasparavivir.noblogs.org\/wp-json\/wp\/v2\/media\/496"}],"wp:attachment":[{"href":"https:\/\/muchasluchasparavivir.noblogs.org\/wp-json\/wp\/v2\/media?parent=278"}],"curies":[{"name":"wp","href":"https:\/\/api.w.org\/{rel}","templated":true}]}}